{"id":660,"date":"2021-07-10T13:42:12","date_gmt":"2021-07-10T10:42:12","guid":{"rendered":"https:\/\/vsgtransport.ro\/?page_id=660"},"modified":"2025-09-26T12:52:44","modified_gmt":"2025-09-26T09:52:44","slug":"despre-noi","status":"publish","type":"page","link":"https:\/\/vsgtransport.ro\/de\/despre-noi\/","title":{"rendered":"\u00dcber uns"},"content":{"rendered":"<div data-elementor-type=\"wp-page\" data-elementor-id=\"660\" class=\"elementor elementor-660\">\n\t\t\t\t\t\t<section class=\"elementor-section elementor-top-section elementor-element elementor-element-8cbd75a elementor-section-boxed elementor-section-height-default elementor-section-height-default\" data-id=\"8cbd75a\" data-element_type=\"section\">\n\t\t\t\t\t\t<div class=\"elementor-container elementor-column-gap-default\">\n\t\t\t\t\t<div class=\"elementor-column elementor-col-100 elementor-top-column elementor-element elementor-element-c6ca521\" data-id=\"c6ca521\" data-element_type=\"column\">\n\t\t\t<div class=\"elementor-widget-wrap elementor-element-populated\">\n\t\t\t\t\t\t<div class=\"elementor-element elementor-element-54e223f elementor-widget elementor-widget-heading\" data-id=\"54e223f\" data-element_type=\"widget\" data-widget_type=\"heading.default\">\n\t\t\t\t<div class=\"elementor-widget-container\">\n\t\t\t\t\t<h1 class=\"elementor-heading-title elementor-size-default\">\u00dcber uns<\/h1>\t\t\t\t<\/div>\n\t\t\t\t<\/div>\n\t\t\t\t\t<\/div>\n\t\t<\/div>\n\t\t\t\t\t<\/div>\n\t\t<\/section>\n\t\t\t\t<section class=\"elementor-section elementor-top-section elementor-element elementor-element-d147943 elementor-section-boxed elementor-section-height-default elementor-section-height-default\" data-id=\"d147943\" data-element_type=\"section\">\n\t\t\t\t\t\t<div class=\"elementor-container elementor-column-gap-default\">\n\t\t\t\t\t<div class=\"elementor-column elementor-col-50 elementor-top-column elementor-element elementor-element-78bd2dd\" data-id=\"78bd2dd\" data-element_type=\"column\">\n\t\t\t<div class=\"elementor-widget-wrap elementor-element-populated\">\n\t\t\t\t\t\t<div class=\"elementor-element elementor-element-6bf7af7 elementor-widget elementor-widget-image\" data-id=\"6bf7af7\" data-element_type=\"widget\" data-widget_type=\"image.default\">\n\t\t\t\t<div class=\"elementor-widget-container\">\n\t\t\t\t\t\t\t\t\t\t\t\t\t\t\t<img fetchpriority=\"high\" decoding=\"async\" width=\"500\" height=\"320\" src=\"https:\/\/vsgtransport.ro\/wp-content\/uploads\/2021\/07\/microbuze-transport-mercedes.jpg\" class=\"attachment-full size-full wp-image-723\" alt=\"microbuze transport mercedes\" srcset=\"https:\/\/vsgtransport.ro\/wp-content\/uploads\/2021\/07\/microbuze-transport-mercedes.jpg 500w, https:\/\/vsgtransport.ro\/wp-content\/uploads\/2021\/07\/microbuze-transport-mercedes-300x192.jpg 300w\" sizes=\"(max-width: 500px) 100vw, 500px\" \/>\t\t\t\t\t\t\t\t\t\t\t\t\t\t\t<\/div>\n\t\t\t\t<\/div>\n\t\t\t\t\t<\/div>\n\t\t<\/div>\n\t\t\t\t<div class=\"elementor-column elementor-col-50 elementor-top-column elementor-element elementor-element-7632a92\" data-id=\"7632a92\" data-element_type=\"column\">\n\t\t\t<div class=\"elementor-widget-wrap elementor-element-populated\">\n\t\t\t\t\t\t<div class=\"elementor-element elementor-element-db36124 elementor-widget elementor-widget-heading\" data-id=\"db36124\" data-element_type=\"widget\" data-widget_type=\"heading.default\">\n\t\t\t\t<div class=\"elementor-widget-container\">\n\t\t\t\t\t<h2 class=\"elementor-heading-title elementor-size-default\">\u00dcber 20 Jahre Erfahrung<\/h2>\t\t\t\t<\/div>\n\t\t\t\t<\/div>\n\t\t\t\t<div class=\"elementor-element elementor-element-8f229c2 elementor-widget elementor-widget-text-editor\" data-id=\"8f229c2\" data-element_type=\"widget\" data-widget_type=\"text-editor.default\">\n\t\t\t\t<div class=\"elementor-widget-container\">\n\t\t\t\t\t\t\t\t\t<p>Unser Unternehmen wurde 2001 in Rum\u00e4nien gegr\u00fcndet, wo es erfolgreich auf dem Personenverkehrsmarkt t\u00e4tig war. Im Jahr 2014 zog der Verwalter des Unternehmens mit einigen einfachen Mitarbeitern nach Deutschland, wo er sofort die gleiche T\u00e4tigkeit auf einem h\u00f6heren Niveau und Qualit\u00e4t aufnahm. Wir k\u00f6nnen sagen, dass das Unternehmen nach Deutschland \u201eumgezogen\u201c ist und nun, im Jahr 2021, \u00fcber 20 Jahre Erfahrung im G\u00fcter- und internationalen Personenverkehr verf\u00fcgt. Dazu habe ich die Autoservice-Aktivit\u00e4t hinzugef\u00fcgt.<\/p><p>F\u00fcr alle Aktivit\u00e4ten verf\u00fcgen wir \u00fcber Lizenzen und Genehmigungen der deutschen Beh\u00f6rden.<\/p>\t\t\t\t\t\t\t\t<\/div>\n\t\t\t\t<\/div>\n\t\t\t\t\t<\/div>\n\t\t<\/div>\n\t\t\t\t\t<\/div>\n\t\t<\/section>\n\t\t\t\t<section class=\"elementor-section elementor-top-section elementor-element elementor-element-09a2555 elementor-section-content-middle elementor-section-boxed elementor-section-height-default elementor-section-height-default\" data-id=\"09a2555\" data-element_type=\"section\" data-settings=\"{&quot;background_background&quot;:&quot;classic&quot;,&quot;shape_divider_top&quot;:&quot;triangle&quot;,&quot;shape_divider_top_negative&quot;:&quot;yes&quot;}\">\n\t\t\t\t\t\t\t<div class=\"elementor-background-overlay\"><\/div>\n\t\t\t\t\t\t<div class=\"elementor-shape elementor-shape-top\" aria-hidden=\"true\" data-negative=\"true\">\n\t\t\t<svg xmlns=\"http:\/\/www.w3.org\/2000\/svg\" viewbox=\"0 0 1000 100\" preserveaspectratio=\"none\">\n\t<path class=\"elementor-shape-fill\" d=\"M500.2,94.7L0,0v100h1000V0L500.2,94.7z\"\/>\n<\/svg>\t\t<\/div>\n\t\t\t\t\t<div class=\"elementor-container elementor-column-gap-no\">\n\t\t\t\t\t<div class=\"elementor-column elementor-col-33 elementor-top-column elementor-element elementor-element-df013aa\" data-id=\"df013aa\" data-element_type=\"column\">\n\t\t\t<div class=\"elementor-widget-wrap elementor-element-populated\">\n\t\t\t\t\t\t<div class=\"elementor-element elementor-element-6caa9b2 animated-fast elementor-position-top elementor-invisible elementor-widget elementor-widget-image-box\" data-id=\"6caa9b2\" data-element_type=\"widget\" data-settings=\"{&quot;_animation&quot;:&quot;fadeInUp&quot;}\" data-widget_type=\"image-box.default\">\n\t\t\t\t<div class=\"elementor-widget-container\">\n\t\t\t\t\t<div class=\"elementor-image-box-wrapper\"><figure class=\"elementor-image-box-img\"><a href=\"https:\/\/vsgtransport.ro\/wp-content\/uploads\/2021\/07\/vsg-transport-licenta-coordonator.jpg\" tabindex=\"-1\"><img decoding=\"async\" width=\"650\" height=\"920\" src=\"https:\/\/vsgtransport.ro\/wp-content\/uploads\/2021\/07\/vsg-transport-licenta-coordonator.jpg\" class=\"elementor-animation-grow attachment-full size-full wp-image-676\" alt=\"vsg transport licenta coordonator\" srcset=\"https:\/\/vsgtransport.ro\/wp-content\/uploads\/2021\/07\/vsg-transport-licenta-coordonator.jpg 650w, https:\/\/vsgtransport.ro\/wp-content\/uploads\/2021\/07\/vsg-transport-licenta-coordonator-212x300.jpg 212w\" sizes=\"(max-width: 650px) 100vw, 650px\" \/><\/a><\/figure><div class=\"elementor-image-box-content\"><h3 class=\"elementor-image-box-title\"><a href=\"https:\/\/vsgtransport.ro\/wp-content\/uploads\/2021\/07\/vsg-transport-licenta-coordonator.jpg\">Koordinatorenlizenz<\/a><\/h3><p class=\"elementor-image-box-description\">15.10.2020<\/p><\/div><\/div>\t\t\t\t<\/div>\n\t\t\t\t<\/div>\n\t\t\t\t\t<\/div>\n\t\t<\/div>\n\t\t\t\t<div class=\"elementor-column elementor-col-33 elementor-top-column elementor-element elementor-element-3b303d5\" data-id=\"3b303d5\" data-element_type=\"column\">\n\t\t\t<div class=\"elementor-widget-wrap elementor-element-populated\">\n\t\t\t\t\t\t<div class=\"elementor-element elementor-element-349eb5c animated-fast elementor-position-top elementor-invisible elementor-widget elementor-widget-image-box\" data-id=\"349eb5c\" data-element_type=\"widget\" data-settings=\"{&quot;_animation&quot;:&quot;fadeInUp&quot;,&quot;_animation_delay&quot;:200}\" data-widget_type=\"image-box.default\">\n\t\t\t\t<div class=\"elementor-widget-container\">\n\t\t\t\t\t<div class=\"elementor-image-box-wrapper\"><figure class=\"elementor-image-box-img\"><a href=\"https:\/\/vsgtransport.ro\/wp-content\/uploads\/2021\/07\/vsg-transport-autorizare-service.jpg\" tabindex=\"-1\"><img decoding=\"async\" width=\"650\" height=\"920\" src=\"https:\/\/vsgtransport.ro\/wp-content\/uploads\/2021\/07\/vsg-transport-autorizare-service.jpg\" class=\"elementor-animation-grow attachment-full size-full wp-image-681\" alt=\"vsg transport autorizare service\" srcset=\"https:\/\/vsgtransport.ro\/wp-content\/uploads\/2021\/07\/vsg-transport-autorizare-service.jpg 650w, https:\/\/vsgtransport.ro\/wp-content\/uploads\/2021\/07\/vsg-transport-autorizare-service-212x300.jpg 212w\" sizes=\"(max-width: 650px) 100vw, 650px\" \/><\/a><\/figure><div class=\"elementor-image-box-content\"><h3 class=\"elementor-image-box-title\"><a href=\"https:\/\/vsgtransport.ro\/wp-content\/uploads\/2021\/07\/vsg-transport-autorizare-service.jpg\">Serviceberechtigung<\/a><\/h3><p class=\"elementor-image-box-description\">04.07.2016<\/p><\/div><\/div>\t\t\t\t<\/div>\n\t\t\t\t<\/div>\n\t\t\t\t\t<\/div>\n\t\t<\/div>\n\t\t\t\t<div class=\"elementor-column elementor-col-33 elementor-top-column elementor-element elementor-element-621d270\" data-id=\"621d270\" data-element_type=\"column\">\n\t\t\t<div class=\"elementor-widget-wrap elementor-element-populated\">\n\t\t\t\t\t\t<div class=\"elementor-element elementor-element-5c22430 animated-fast elementor-position-top elementor-invisible elementor-widget elementor-widget-image-box\" data-id=\"5c22430\" data-element_type=\"widget\" data-settings=\"{&quot;_animation&quot;:&quot;fadeInUp&quot;,&quot;_animation_delay&quot;:300}\" data-widget_type=\"image-box.default\">\n\t\t\t\t<div class=\"elementor-widget-container\">\n\t\t\t\t\t<div class=\"elementor-image-box-wrapper\"><figure class=\"elementor-image-box-img\"><a href=\"https:\/\/vsgtransport.ro\/wp-content\/uploads\/2021\/07\/vsg-transport-autorizare-reparatii-clima.jpg\" tabindex=\"-1\"><img loading=\"lazy\" decoding=\"async\" width=\"650\" height=\"920\" src=\"https:\/\/vsgtransport.ro\/wp-content\/uploads\/2021\/07\/vsg-transport-autorizare-reparatii-clima.jpg\" class=\"elementor-animation-grow attachment-full size-full wp-image-695\" alt=\"vsg transport autorizare reparatii clima\" srcset=\"https:\/\/vsgtransport.ro\/wp-content\/uploads\/2021\/07\/vsg-transport-autorizare-reparatii-clima.jpg 650w, https:\/\/vsgtransport.ro\/wp-content\/uploads\/2021\/07\/vsg-transport-autorizare-reparatii-clima-212x300.jpg 212w\" sizes=\"(max-width: 650px) 100vw, 650px\" \/><\/a><\/figure><div class=\"elementor-image-box-content\"><h3 class=\"elementor-image-box-title\"><a href=\"https:\/\/vsgtransport.ro\/wp-content\/uploads\/2021\/07\/vsg-transport-autorizare-reparatii-clima.jpg\">Autoklima Reparaturen<\/a><\/h3><p class=\"elementor-image-box-description\">07.03.2018<\/p><\/div><\/div>\t\t\t\t<\/div>\n\t\t\t\t<\/div>\n\t\t\t\t\t<\/div>\n\t\t<\/div>\n\t\t\t\t\t<\/div>\n\t\t<\/section>\n\t\t\t\t<\/div>","protected":false},"excerpt":{"rendered":"<p>Despre noi Peste 20 de ani de experien\u021b\u0103 Firma noastr\u0103 s-a \u00eenfiin\u021bat \u00een anul 2001, \u00een Rom\u00e2nia unde a activat cu succes pe pia\u021ba transporturilor de persoane. \u00cen anul 2014, administratorul firmei cu c\u00e2\u021biva colaboratori de baz\u0103 s-au mutat \u00een Germania unde au demarat imediat aceea\u0219i activitate, la un nivel de exigen\u021b\u0103 \u0219i calitate superior. [&hellip;]<\/p>\n","protected":false},"author":1,"featured_media":0,"parent":0,"menu_order":0,"comment_status":"closed","ping_status":"closed","template":"","meta":{"inline_featured_image":false,"footnotes":""},"class_list":["post-660","page","type-page","status-publish","hentry"],"_links":{"self":[{"href":"https:\/\/vsgtransport.ro\/de\/wp-json\/wp\/v2\/pages\/660","targetHints":{"allow":["GET"]}}],"collection":[{"href":"https:\/\/vsgtransport.ro\/de\/wp-json\/wp\/v2\/pages"}],"about":[{"href":"https:\/\/vsgtransport.ro\/de\/wp-json\/wp\/v2\/types\/page"}],"author":[{"embeddable":true,"href":"https:\/\/vsgtransport.ro\/de\/wp-json\/wp\/v2\/users\/1"}],"replies":[{"embeddable":true,"href":"https:\/\/vsgtransport.ro\/de\/wp-json\/wp\/v2\/comments?post=660"}],"version-history":[{"count":97,"href":"https:\/\/vsgtransport.ro\/de\/wp-json\/wp\/v2\/pages\/660\/revisions"}],"predecessor-version":[{"id":983,"href":"https:\/\/vsgtransport.ro\/de\/wp-json\/wp\/v2\/pages\/660\/revisions\/983"}],"wp:attachment":[{"href":"https:\/\/vsgtransport.ro\/de\/wp-json\/wp\/v2\/media?parent=660"}],"curies":[{"name":"wp","href":"https:\/\/api.w.org\/{rel}","templated":true}]}}