{"id":299,"date":"2021-06-29T14:06:17","date_gmt":"2021-06-29T11:06:17","guid":{"rendered":"https:\/\/vsgtransport.ro\/?page_id=299"},"modified":"2025-09-26T12:49:50","modified_gmt":"2025-09-26T09:49:50","slug":"cariere","status":"publish","type":"page","link":"https:\/\/vsgtransport.ro\/de\/cariere\/","title":{"rendered":"Karriere"},"content":{"rendered":"<div data-elementor-type=\"wp-page\" data-elementor-id=\"299\" class=\"elementor elementor-299\">\n\t\t\t\t\t\t<section class=\"elementor-section elementor-top-section elementor-element elementor-element-8cbd75a elementor-section-boxed elementor-section-height-default elementor-section-height-default\" data-id=\"8cbd75a\" data-element_type=\"section\">\n\t\t\t\t\t\t<div class=\"elementor-container elementor-column-gap-default\">\n\t\t\t\t\t<div class=\"elementor-column elementor-col-100 elementor-top-column elementor-element elementor-element-c6ca521\" data-id=\"c6ca521\" data-element_type=\"column\">\n\t\t\t<div class=\"elementor-widget-wrap elementor-element-populated\">\n\t\t\t\t\t\t<div class=\"elementor-element elementor-element-54e223f elementor-widget elementor-widget-heading\" data-id=\"54e223f\" data-element_type=\"widget\" data-widget_type=\"heading.default\">\n\t\t\t\t<div class=\"elementor-widget-container\">\n\t\t\t\t\t<h1 class=\"elementor-heading-title elementor-size-default\">Jobs, Karriere<\/h1>\t\t\t\t<\/div>\n\t\t\t\t<\/div>\n\t\t\t\t\t<\/div>\n\t\t<\/div>\n\t\t\t\t\t<\/div>\n\t\t<\/section>\n\t\t\t\t<section class=\"elementor-section elementor-top-section elementor-element elementor-element-d147943 elementor-section-boxed elementor-section-height-default elementor-section-height-default\" data-id=\"d147943\" data-element_type=\"section\">\n\t\t\t\t\t\t<div class=\"elementor-container elementor-column-gap-default\">\n\t\t\t\t\t<div class=\"elementor-column elementor-col-50 elementor-top-column elementor-element elementor-element-7632a92\" data-id=\"7632a92\" data-element_type=\"column\">\n\t\t\t<div class=\"elementor-widget-wrap elementor-element-populated\">\n\t\t\t\t\t\t<div class=\"elementor-element elementor-element-db36124 elementor-widget elementor-widget-heading\" data-id=\"db36124\" data-element_type=\"widget\" data-widget_type=\"heading.default\">\n\t\t\t\t<div class=\"elementor-widget-container\">\n\t\t\t\t\t<h2 class=\"elementor-heading-title elementor-size-default\">Frachtf\u00fchrer in Deutschland<\/h2>\t\t\t\t<\/div>\n\t\t\t\t<\/div>\n\t\t\t\t<div class=\"elementor-element elementor-element-8f229c2 elementor-widget elementor-widget-text-editor\" data-id=\"8f229c2\" data-element_type=\"widget\" data-widget_type=\"text-editor.default\">\n\t\t\t\t<div class=\"elementor-widget-container\">\n\t\t\t\t\t\t\t\t\t<p>Da das Transportvolumen stetig w\u00e4chst, bieten wir in Deutschland und Europa Jobs als Frachtf\u00fchrer mit Kleinbussen bis 3,5 Tonnen, z.B. Caddy, Vito, Sprinter.<\/p>\t\t\t\t\t\t\t\t<\/div>\n\t\t\t\t<\/div>\n\t\t\t\t<div class=\"elementor-element elementor-element-04b4722 elementor-widget elementor-widget-text-editor\" data-id=\"04b4722\" data-element_type=\"widget\" data-widget_type=\"text-editor.default\">\n\t\t\t\t<div class=\"elementor-widget-container\">\n\t\t\t\t\t\t\t\t\t<h4><strong>Voraussetzungen, Bedingungen:<\/strong><\/h4><ul><li>Erfahrung im Fahrerberuf;<\/li><li>ungef\u00e4hre Fremdsprachenkenntnisse;<\/li><li>motivierendes Gehalt;<\/li><li>Arbeitsvertrag in Deutschland;<\/li><li>Unterkunft in Deutschland.<br \/><br \/><\/li><\/ul>\t\t\t\t\t\t\t\t<\/div>\n\t\t\t\t<\/div>\n\t\t\t\t<section class=\"elementor-section elementor-inner-section elementor-element elementor-element-2630c7e elementor-section-boxed elementor-section-height-default elementor-section-height-default\" data-id=\"2630c7e\" data-element_type=\"section\">\n\t\t\t\t\t\t<div class=\"elementor-container elementor-column-gap-default\">\n\t\t\t\t\t<div class=\"elementor-column elementor-col-50 elementor-inner-column elementor-element elementor-element-eb33ed1\" data-id=\"eb33ed1\" data-element_type=\"column\" data-settings=\"{&quot;background_background&quot;:&quot;classic&quot;}\">\n\t\t\t<div class=\"elementor-widget-wrap elementor-element-populated\">\n\t\t\t\t\t\t<div class=\"elementor-element elementor-element-3016747 elementor-align-center elementor-widget__width-auto elementor-widget elementor-widget-button\" data-id=\"3016747\" data-element_type=\"widget\" data-widget_type=\"button.default\">\n\t\t\t\t<div class=\"elementor-widget-container\">\n\t\t\t\t\t\t\t\t\t<div class=\"elementor-button-wrapper\">\n\t\t\t\t\t<a class=\"elementor-button elementor-button-link elementor-size-sm\" href=\"tel:0040722822871\">\n\t\t\t\t\t\t<span class=\"elementor-button-content-wrapper\">\n\t\t\t\t\t\t<span class=\"elementor-button-icon\">\n\t\t\t\t<i aria-hidden=\"true\" class=\"fas fa-phone-alt\"><\/i>\t\t\t<\/span>\n\t\t\t\t\t\t\t\t\t<span class=\"elementor-button-text\">Anrufe<\/span>\n\t\t\t\t\t<\/span>\n\t\t\t\t\t<\/a>\n\t\t\t\t<\/div>\n\t\t\t\t\t\t\t\t<\/div>\n\t\t\t\t<\/div>\n\t\t\t\t\t<\/div>\n\t\t<\/div>\n\t\t\t\t<div class=\"elementor-column elementor-col-50 elementor-inner-column elementor-element elementor-element-b6d888f\" data-id=\"b6d888f\" data-element_type=\"column\" data-settings=\"{&quot;background_background&quot;:&quot;classic&quot;}\">\n\t\t\t<div class=\"elementor-widget-wrap elementor-element-populated\">\n\t\t\t\t\t\t<div class=\"elementor-element elementor-element-87f445d elementor-align-center elementor-widget__width-auto elementor-widget elementor-widget-button\" data-id=\"87f445d\" data-element_type=\"widget\" data-widget_type=\"button.default\">\n\t\t\t\t<div class=\"elementor-widget-container\">\n\t\t\t\t\t\t\t\t\t<div class=\"elementor-button-wrapper\">\n\t\t\t\t\t<a class=\"elementor-button elementor-button-link elementor-size-sm\" href=\"http:\/\/wa.me\/0040722822871\" target=\"_blank\" rel=\"noopener\">\n\t\t\t\t\t\t<span class=\"elementor-button-content-wrapper\">\n\t\t\t\t\t\t<span class=\"elementor-button-icon\">\n\t\t\t\t<i aria-hidden=\"true\" class=\"fab fa-whatsapp\"><\/i>\t\t\t<\/span>\n\t\t\t\t\t\t\t\t\t<span class=\"elementor-button-text\">Whatsapp<\/span>\n\t\t\t\t\t<\/span>\n\t\t\t\t\t<\/a>\n\t\t\t\t<\/div>\n\t\t\t\t\t\t\t\t<\/div>\n\t\t\t\t<\/div>\n\t\t\t\t\t<\/div>\n\t\t<\/div>\n\t\t\t\t\t<\/div>\n\t\t<\/section>\n\t\t\t\t\t<\/div>\n\t\t<\/div>\n\t\t\t\t<div class=\"elementor-column elementor-col-50 elementor-top-column elementor-element elementor-element-78bd2dd\" data-id=\"78bd2dd\" data-element_type=\"column\">\n\t\t\t<div class=\"elementor-widget-wrap elementor-element-populated\">\n\t\t\t\t\t\t<div class=\"elementor-element elementor-element-6bf7af7 elementor-widget elementor-widget-image\" data-id=\"6bf7af7\" data-element_type=\"widget\" data-widget_type=\"image.default\">\n\t\t\t\t<div class=\"elementor-widget-container\">\n\t\t\t\t\t\t\t\t\t\t\t\t\t\t\t<img fetchpriority=\"high\" decoding=\"async\" width=\"420\" height=\"520\" src=\"https:\/\/vsgtransport.ro\/wp-content\/uploads\/2021\/06\/sofer-1.jpg\" class=\"attachment-large size-large wp-image-304\" alt=\"cariere\" srcset=\"https:\/\/vsgtransport.ro\/wp-content\/uploads\/2021\/06\/sofer-1.jpg 420w, https:\/\/vsgtransport.ro\/wp-content\/uploads\/2021\/06\/sofer-1-242x300.jpg 242w\" sizes=\"(max-width: 420px) 100vw, 420px\" \/>\t\t\t\t\t\t\t\t\t\t\t\t\t\t\t<\/div>\n\t\t\t\t<\/div>\n\t\t\t\t\t<\/div>\n\t\t<\/div>\n\t\t\t\t\t<\/div>\n\t\t<\/section>\n\t\t\t\t<\/div>","protected":false},"excerpt":{"rendered":"<p>Locuri de munc\u0103, cariere \u0218oferi transport marf\u0103 \u00een Germania Deoarece volumul de transport este \u00eentr-o continu\u0103 crestere, noi oferim locuri de munc\u0103 ca \u0219ofer de transport marf\u0103 \u00een Germania \u0219i Europa cu microbuze de p\u00e2n\u0103 la 3,5 tone,\u00a0 de ex. Caddy, Vito, Sprinter. Cerin\u021be, condi\u021bii: experien\u021b\u0103 \u00een meseria de \u0219ofer; cunoa\u0219terea aproximativ\u0103 a unei limbi [&hellip;]<\/p>\n","protected":false},"author":1,"featured_media":0,"parent":0,"menu_order":0,"comment_status":"closed","ping_status":"closed","template":"","meta":{"inline_featured_image":false,"footnotes":""},"class_list":["post-299","page","type-page","status-publish","hentry"],"_links":{"self":[{"href":"https:\/\/vsgtransport.ro\/de\/wp-json\/wp\/v2\/pages\/299","targetHints":{"allow":["GET"]}}],"collection":[{"href":"https:\/\/vsgtransport.ro\/de\/wp-json\/wp\/v2\/pages"}],"about":[{"href":"https:\/\/vsgtransport.ro\/de\/wp-json\/wp\/v2\/types\/page"}],"author":[{"embeddable":true,"href":"https:\/\/vsgtransport.ro\/de\/wp-json\/wp\/v2\/users\/1"}],"replies":[{"embeddable":true,"href":"https:\/\/vsgtransport.ro\/de\/wp-json\/wp\/v2\/comments?post=299"}],"version-history":[{"count":37,"href":"https:\/\/vsgtransport.ro\/de\/wp-json\/wp\/v2\/pages\/299\/revisions"}],"predecessor-version":[{"id":977,"href":"https:\/\/vsgtransport.ro\/de\/wp-json\/wp\/v2\/pages\/299\/revisions\/977"}],"wp:attachment":[{"href":"https:\/\/vsgtransport.ro\/de\/wp-json\/wp\/v2\/media?parent=299"}],"curies":[{"name":"wp","href":"https:\/\/api.w.org\/{rel}","templated":true}]}}